{"id":2509,"date":"2024-04-11T10:31:22","date_gmt":"2024-04-11T02:31:22","guid":{"rendered":"https:\/\/www.backbonemachinery.com\/?post_type=product&#038;p=2509"},"modified":"2024-04-11T10:31:22","modified_gmt":"2024-04-11T02:31:22","slug":"self-priming-flour-mill-bb-fc29ss","status":"publish","type":"product","link":"https:\/\/www.backbonemachinery.com\/ro\/product\/self-priming-flour-mill-bb-fc29ss","title":{"rendered":"Moar\u0103 de f\u0103in\u0103 cu autoaprindere BB-FC29SS"},"content":{"rendered":"<p><img loading=\"lazy\" decoding=\"async\" class=\"alignnone size-full wp-image-2516\" src=\"https:\/\/www.backbonemachinery.com\/wp-content\/uploads\/2024\/04\/BB-FC29-self-priming01.jpg\" alt=\"\" width=\"1054\" height=\"2261\" srcset=\"https:\/\/www.backbonemachinery.com\/wp-content\/uploads\/2024\/04\/BB-FC29-self-priming01.jpg 1054w, https:\/\/www.backbonemachinery.com\/wp-content\/uploads\/2024\/04\/BB-FC29-self-priming01-140x300.jpg 140w, https:\/\/www.backbonemachinery.com\/wp-content\/uploads\/2024\/04\/BB-FC29-self-priming01-477x1024.jpg 477w, https:\/\/www.backbonemachinery.com\/wp-content\/uploads\/2024\/04\/BB-FC29-self-priming01-768x1647.jpg 768w, https:\/\/www.backbonemachinery.com\/wp-content\/uploads\/2024\/04\/BB-FC29-self-priming01-716x1536.jpg 716w, https:\/\/www.backbonemachinery.com\/wp-content\/uploads\/2024\/04\/BB-FC29-self-priming01-955x2048.jpg 955w, https:\/\/www.backbonemachinery.com\/wp-content\/uploads\/2024\/04\/BB-FC29-self-priming01-600x1287.jpg 600w\" sizes=\"auto, (max-width: 1054px) 100vw, 1054px\" \/> <img loading=\"lazy\" decoding=\"async\" class=\"alignnone size-full wp-image-2512\" src=\"https:\/\/www.backbonemachinery.com\/wp-content\/uploads\/2024\/04\/BB-FC29-self-priming_04.jpg\" alt=\"\" width=\"1054\" height=\"2274\" srcset=\"https:\/\/www.backbonemachinery.com\/wp-content\/uploads\/2024\/04\/BB-FC29-self-priming_04.jpg 1054w, https:\/\/www.backbonemachinery.com\/wp-content\/uploads\/2024\/04\/BB-FC29-self-priming_04-139x300.jpg 139w, https:\/\/www.backbonemachinery.com\/wp-content\/uploads\/2024\/04\/BB-FC29-self-priming_04-475x1024.jpg 475w, https:\/\/www.backbonemachinery.com\/wp-content\/uploads\/2024\/04\/BB-FC29-self-priming_04-768x1657.jpg 768w, https:\/\/www.backbonemachinery.com\/wp-content\/uploads\/2024\/04\/BB-FC29-self-priming_04-712x1536.jpg 712w, https:\/\/www.backbonemachinery.com\/wp-content\/uploads\/2024\/04\/BB-FC29-self-priming_04-949x2048.jpg 949w, https:\/\/www.backbonemachinery.com\/wp-content\/uploads\/2024\/04\/BB-FC29-self-priming_04-600x1294.jpg 600w\" sizes=\"auto, (max-width: 1054px) 100vw, 1054px\" \/> <img loading=\"lazy\" decoding=\"async\" class=\"alignnone size-full wp-image-2514\" src=\"https:\/\/www.backbonemachinery.com\/wp-content\/uploads\/2024\/04\/BB-FC29-self-priming_06.jpg\" alt=\"\" width=\"1054\" height=\"2245\" srcset=\"https:\/\/www.backbonemachinery.com\/wp-content\/uploads\/2024\/04\/BB-FC29-self-priming_06.jpg 1054w, https:\/\/www.backbonemachinery.com\/wp-content\/uploads\/2024\/04\/BB-FC29-self-priming_06-141x300.jpg 141w, https:\/\/www.backbonemachinery.com\/wp-content\/uploads\/2024\/04\/BB-FC29-self-priming_06-481x1024.jpg 481w, https:\/\/www.backbonemachinery.com\/wp-content\/uploads\/2024\/04\/BB-FC29-self-priming_06-768x1636.jpg 768w, https:\/\/www.backbonemachinery.com\/wp-content\/uploads\/2024\/04\/BB-FC29-self-priming_06-721x1536.jpg 721w, https:\/\/www.backbonemachinery.com\/wp-content\/uploads\/2024\/04\/BB-FC29-self-priming_06-962x2048.jpg 962w, https:\/\/www.backbonemachinery.com\/wp-content\/uploads\/2024\/04\/BB-FC29-self-priming_06-600x1278.jpg 600w\" sizes=\"auto, (max-width: 1054px) 100vw, 1054px\" \/> <img loading=\"lazy\" decoding=\"async\" class=\"alignnone size-full wp-image-2513\" src=\"https:\/\/www.backbonemachinery.com\/wp-content\/uploads\/2024\/04\/BB-FC29-self-priming_05.jpg\" alt=\"\" width=\"1054\" height=\"2279\" srcset=\"https:\/\/www.backbonemachinery.com\/wp-content\/uploads\/2024\/04\/BB-FC29-self-priming_05.jpg 1054w, https:\/\/www.backbonemachinery.com\/wp-content\/uploads\/2024\/04\/BB-FC29-self-priming_05-139x300.jpg 139w, https:\/\/www.backbonemachinery.com\/wp-content\/uploads\/2024\/04\/BB-FC29-self-priming_05-474x1024.jpg 474w, https:\/\/www.backbonemachinery.com\/wp-content\/uploads\/2024\/04\/BB-FC29-self-priming_05-768x1661.jpg 768w, https:\/\/www.backbonemachinery.com\/wp-content\/uploads\/2024\/04\/BB-FC29-self-priming_05-710x1536.jpg 710w, https:\/\/www.backbonemachinery.com\/wp-content\/uploads\/2024\/04\/BB-FC29-self-priming_05-947x2048.jpg 947w, https:\/\/www.backbonemachinery.com\/wp-content\/uploads\/2024\/04\/BB-FC29-self-priming_05-600x1297.jpg 600w\" sizes=\"auto, (max-width: 1054px) 100vw, 1054px\" \/> <img loading=\"lazy\" decoding=\"async\" class=\"alignnone size-full wp-image-2511\" src=\"https:\/\/www.backbonemachinery.com\/wp-content\/uploads\/2024\/04\/BB-FC29-self-priming_03.jpg\" alt=\"\" width=\"1054\" height=\"2272\" srcset=\"https:\/\/www.backbonemachinery.com\/wp-content\/uploads\/2024\/04\/BB-FC29-self-priming_03.jpg 1054w, https:\/\/www.backbonemachinery.com\/wp-content\/uploads\/2024\/04\/BB-FC29-self-priming_03-139x300.jpg 139w, https:\/\/www.backbonemachinery.com\/wp-content\/uploads\/2024\/04\/BB-FC29-self-priming_03-475x1024.jpg 475w, https:\/\/www.backbonemachinery.com\/wp-content\/uploads\/2024\/04\/BB-FC29-self-priming_03-768x1655.jpg 768w, https:\/\/www.backbonemachinery.com\/wp-content\/uploads\/2024\/04\/BB-FC29-self-priming_03-713x1536.jpg 713w, https:\/\/www.backbonemachinery.com\/wp-content\/uploads\/2024\/04\/BB-FC29-self-priming_03-950x2048.jpg 950w, https:\/\/www.backbonemachinery.com\/wp-content\/uploads\/2024\/04\/BB-FC29-self-priming_03-600x1293.jpg 600w\" sizes=\"auto, (max-width: 1054px) 100vw, 1054px\" \/> <img loading=\"lazy\" decoding=\"async\" class=\"alignnone size-full wp-image-2510\" src=\"https:\/\/www.backbonemachinery.com\/wp-content\/uploads\/2024\/04\/BB-FC29-self-priming_02.jpg\" alt=\"\" width=\"1054\" height=\"2284\" srcset=\"https:\/\/www.backbonemachinery.com\/wp-content\/uploads\/2024\/04\/BB-FC29-self-priming_02.jpg 1054w, https:\/\/www.backbonemachinery.com\/wp-content\/uploads\/2024\/04\/BB-FC29-self-priming_02-138x300.jpg 138w, https:\/\/www.backbonemachinery.com\/wp-content\/uploads\/2024\/04\/BB-FC29-self-priming_02-473x1024.jpg 473w, https:\/\/www.backbonemachinery.com\/wp-content\/uploads\/2024\/04\/BB-FC29-self-priming_02-768x1664.jpg 768w, https:\/\/www.backbonemachinery.com\/wp-content\/uploads\/2024\/04\/BB-FC29-self-priming_02-709x1536.jpg 709w, https:\/\/www.backbonemachinery.com\/wp-content\/uploads\/2024\/04\/BB-FC29-self-priming_02-945x2048.jpg 945w, https:\/\/www.backbonemachinery.com\/wp-content\/uploads\/2024\/04\/BB-FC29-self-priming_02-600x1300.jpg 600w\" sizes=\"auto, (max-width: 1054px) 100vw, 1054px\" \/> <img loading=\"lazy\" decoding=\"async\" class=\"alignnone size-full wp-image-2515\" src=\"https:\/\/www.backbonemachinery.com\/wp-content\/uploads\/2024\/04\/BB-FC29-self-priming_07.jpg\" alt=\"\" width=\"1054\" height=\"2295\" srcset=\"https:\/\/www.backbonemachinery.com\/wp-content\/uploads\/2024\/04\/BB-FC29-self-priming_07.jpg 1054w, https:\/\/www.backbonemachinery.com\/wp-content\/uploads\/2024\/04\/BB-FC29-self-priming_07-138x300.jpg 138w, https:\/\/www.backbonemachinery.com\/wp-content\/uploads\/2024\/04\/BB-FC29-self-priming_07-470x1024.jpg 470w, https:\/\/www.backbonemachinery.com\/wp-content\/uploads\/2024\/04\/BB-FC29-self-priming_07-768x1672.jpg 768w, https:\/\/www.backbonemachinery.com\/wp-content\/uploads\/2024\/04\/BB-FC29-self-priming_07-705x1536.jpg 705w, https:\/\/www.backbonemachinery.com\/wp-content\/uploads\/2024\/04\/BB-FC29-self-priming_07-941x2048.jpg 941w, https:\/\/www.backbonemachinery.com\/wp-content\/uploads\/2024\/04\/BB-FC29-self-priming_07-600x1306.jpg 600w\" sizes=\"auto, (max-width: 1054px) 100vw, 1054px\" \/><\/p>","protected":false},"excerpt":{"rendered":"<p style=\"text-align: left;\">Modelul NO.\uff1aBB-FC29SS SELF PRIMING<\/p>\n<p style=\"text-align: left;\">Capacitate: 800 kg\/or\u0103<\/p>\n<p style=\"text-align: left;\">Dimensiunea ambalajului: 770*460*620mm<\/p>\n<p>Ax: 4500rmp\/min<\/p>\n<p>Putere necesar\u0103: 10HP<\/p>\n<p>Greutate brut\u0103: 195 kg (include motorul)<\/p>","protected":false},"featured_media":2519,"comment_status":"open","ping_status":"closed","template":"","meta":{"themepark_post_bcolor":"#f5f5f5","themepark_post_width":"1022px","themepark_post_img":"","themepark_post_img_po":"left","themepark_post_img_re":false,"themepark_post_img_cover":false,"themepark_post_img_fixed":false,"themepark_post_hide_title":false,"themepark_post_main_b":"","themepark_post_main_p":100,"themepark_paddingblock":false},"product_cat":[77,66],"product_tag":[],"class_list":{"0":"post-2509","1":"product","2":"type-product","3":"status-publish","4":"has-post-thumbnail","6":"product_cat-commercial-flour-mill","7":"product_cat-flour-mill","9":"first","10":"instock","11":"shipping-taxable","12":"product-type-external"},"_links":{"self":[{"href":"https:\/\/www.backbonemachinery.com\/ro\/wp-json\/wp\/v2\/product\/2509","targetHints":{"allow":["GET"]}}],"collection":[{"href":"https:\/\/www.backbonemachinery.com\/ro\/wp-json\/wp\/v2\/product"}],"about":[{"href":"https:\/\/www.backbonemachinery.com\/ro\/wp-json\/wp\/v2\/types\/product"}],"replies":[{"embeddable":true,"href":"https:\/\/www.backbonemachinery.com\/ro\/wp-json\/wp\/v2\/comments?post=2509"}],"wp:featuredmedia":[{"embeddable":true,"href":"https:\/\/www.backbonemachinery.com\/ro\/wp-json\/wp\/v2\/media\/2519"}],"wp:attachment":[{"href":"https:\/\/www.backbonemachinery.com\/ro\/wp-json\/wp\/v2\/media?parent=2509"}],"wp:term":[{"taxonomy":"product_cat","embeddable":true,"href":"https:\/\/www.backbonemachinery.com\/ro\/wp-json\/wp\/v2\/product_cat?post=2509"},{"taxonomy":"product_tag","embeddable":true,"href":"https:\/\/www.backbonemachinery.com\/ro\/wp-json\/wp\/v2\/product_tag?post=2509"}],"curies":[{"name":"wp","href":"https:\/\/api.w.org\/{rel}","templated":true}]}}