{"id":401,"date":"2023-02-10T17:18:57","date_gmt":"2023-02-10T09:18:57","guid":{"rendered":"http:\/\/themetest6.local\/?page_id=401"},"modified":"2023-10-08T12:01:15","modified_gmt":"2023-10-08T04:01:15","slug":"agri-solutions","status":"publish","type":"page","link":"https:\/\/www.backbonemachinery.com\/es\/agri-solutions","title":{"rendered":"Soluciones agr\u00edcolas"},"content":{"rendered":"<section class=\"wp-block-themepark-block-themepark-area block_layout thempark-block undefined\" id=\"\" style=\"padding-top:279px;height:600px;box-sizing: border-box;width: 100%;\" data-swiper-parallax=\"-700\"><div class=\"block_layout_in\" style=\"\"><div class=\"wp-block-column block_layout_in\"><h1 class=\"wp-block-heading has-monte-white-color has-text-color has-large-font-size\">Soluciones integradas para la agricultura a peque\u00f1a escala<\/h1>\n\n<p class=\"has-monte-white-color has-text-color\">Soluci\u00f3n multiescenario<\/p>\n\n<p><\/p><\/div><\/div><div class=\"layout_badh\"><div class=\"shizhezhao\" style=\"opacity:0.25;background-color:#000000;\"><\/div><div class=\"PcOnly themepark-block_layout_ba lazyload swiper-lazy\" style=\"background-repeat:no-repeat;background-size:cover;background-position:center;\" data-background=\"https:\/\/www.backbonemachinery.com\/wp-content\/uploads\/2023\/04\/000.jpg\"><\/div><div class=\"MovePnly themepark-block_layout_ba lazyload swiper-move-lazy\" style=\"background-repeat:no-repeat;background-size:cover;background-position:center;\" data-background=\"https:\/\/www.backbonemachinery.com\/wp-content\/uploads\/2023\/04\/000.jpg\"><\/div><\/div><\/section><section class=\"wp-block-themepark-block-themepark-area block_layout thempark-block undefined\" id=\"\" style=\"padding-bottom:39px;padding-top:18px;\" data-swiper-parallax=\"-700\"><div class=\"block_layout_in\" style=\"\"><div class=\"wp-block-column block_layout_in\"><div style=\"height:20px\" aria-hidden=\"true\" class=\"wp-block-spacer\"><\/div>\n\n<section class=\"wp-block-themepark-block-themepark-imgtext thempark-block themepark_imgtext padingmodle moveupd  undefined\" style=\"padding-bottom:20px;padding-top:20px;\"><div class=\"themepark_imgtext_img\" style=\"width:29%;\" data-swiper-parallax=\"-1800\"><a href=\"https:\/\/www.backbonemachinery.com\/es\/categoria-producto\/threshers\/\" target=\"_self\" rel=\"noopener\"><img class=\"lazyload  swiper-lazy swiper-move-lazy\" data-src=\"https:\/\/www.backbonemachinery.com\/wp-content\/uploads\/2023\/04\/a.jpg\" alt=\"\"\/><\/a><\/div><div class=\"themepark_imgtext_text\" style=\"width:68%;\" data-swiper-parallax=\"-1600\"><div class=\"wp-block-column\"><p class=\"has-large-font-size\">Soluci\u00f3n a la cosecha de cereales<\/p>\n\n<div class=\"wp-block-themepark-block-themepark-wright content-super-p\" style=\"font-size:16px;line-height:33px;padding:10px 0px;\"><div class=\"wp-block-column\"><p>Antes:La antigua forma de trillar el arroz y el trigo consist\u00eda en golpear la cosecha contra una superficie dura, en un gran molino de piedra o en un tamiz que se sacud\u00eda manualmente.<\/p>\n\n<p>Desventajas\uff1a<\/p>\n\n<p>1. Lento, consume tiempo<\/p>\n\n<p>2.mano de obra intensiva<\/p>\n\n<p>3.la trilla era desigual, lo que provocaba una p\u00e9rdida importante de grano.<\/p>\n\n<p>4.Los cultivos son f\u00e1cilmente propensos al aplastamiento.<\/p>\n\n<p>Now\uff1aUsing paddy thresher.<\/p>\n\n<p>Ventajas:<\/p>\n\n<p>1.Puede manejar grandes cantidades de grano,Mayor eficiencia, .<br>2.Reducci\u00f3n de los costes de mano de obra y mejora de la calidad del grano.<br>3.El uso de m\u00e1quinas puede aumentar el rendimiento de los cultivos y reducir las p\u00e9rdidas posteriores a la cosecha.<\/p><\/div><\/div>\n\n<div class=\"wp-block-buttons\"><div class=\"wp-block-button has-custom-font-size is-style-outline has-normal-font-size is-style-outline--1\"><a class=\"wp-block-button__link has-themecolor-1-color has-text-color wp-element-button\" href=\"https:\/\/lstq.en.alibaba.com\/productgrouplist-932491254\/Threshers_Machine.html\" style=\"border-radius:24px\">M\u00e1s informaci\u00f3n &gt;<\/a><\/div><\/div><\/div><\/div><div class=\"themepark_imgtext_ba\" style=\"background-color:#ffffff;opacity:1;\"><\/div><\/section>\n\n<div class=\"wp-block-group\"><div class=\"wp-block-group__inner-container\"><section class=\"wp-block-themepark-block-themepark-imgtext thempark-block themepark_imgtext padingmodle leftright moveupd  undefined\" style=\"padding-bottom:20px;padding-top:20px;\"><div class=\"themepark_imgtext_img\" style=\"width:29%;\" data-swiper-parallax=\"-1800\"><a href=\"https:\/\/www.backbonemachinery.com\/es\/categoria-producto\/rice-mill\/\" target=\"_self\" rel=\"noopener\"><img class=\"lazyload  swiper-lazy swiper-move-lazy\" data-src=\"https:\/\/www.backbonemachinery.com\/wp-content\/uploads\/2023\/04\/d.jpg\" alt=\"\"\/><\/a><\/div><div class=\"themepark_imgtext_text\" style=\"width:68%;padding-right:95px;\" data-swiper-parallax=\"-1600\"><div class=\"wp-block-column\"><p class=\"has-large-font-size\">Soluci\u00f3n al procesamiento del arroz con c\u00e1scara<\/p>\n\n<div class=\"wp-block-themepark-block-themepark-wright content-super-p\" style=\"font-size:16px;line-height:33px;padding:10px 0px;\"><div class=\"wp-block-column\"><p>Antes:Manualmente o con un rodillo.<\/p>\n\n<p>Desventajas\uff1a<\/p>\n\n<p>1.Lenta, laboriosa y con resultados desiguales.<br>2.El proceso de machacado sol\u00eda romper los granos y produc\u00eda un rendimiento inferior al de las t\u00e9cnicas de molienda modernas.<br>3.El proceso era f\u00edsicamente exigente y requer\u00eda una cantidad significativa de tiempo y esfuerzo, por lo que resultaba ineficaz para la producci\u00f3n a gran escala.<\/p>\n\n<p>Ahora:Uso de la m\u00e1quina de moler arroz<\/p>\n\n<p>Ventajas:<\/p>\n\n<p>1.Puede eliminar eficazmente la c\u00e1scara y el salvado del grano de arroz.<br>2.Mayor eficiencia de molienda, menor rotura del grano y menor consumo de energ\u00eda .<\/p>\n\n<p>3.Tambi\u00e9n permite un mayor control del proceso de molienda, lo que se traduce en un producto m\u00e1s homog\u00e9neo.<\/p><\/div><\/div>\n\n<div class=\"wp-block-buttons\"><div class=\"wp-block-button has-custom-font-size is-style-outline has-normal-font-size is-style-outline--2\"><a class=\"wp-block-button__link has-themecolor-1-color has-text-color wp-element-button\" href=\"https:\/\/lstq.en.alibaba.com\/productgrouplist-932702919\/Rice_Mill_Machine.html\" style=\"border-radius:24px\">M\u00e1s informaci\u00f3n &gt;<\/a><\/div><\/div><\/div><\/div><div class=\"themepark_imgtext_ba\" style=\"background-color:#ffffff;opacity:1;\"><\/div><\/section>\n\n<section class=\"wp-block-themepark-block-themepark-imgtext thempark-block themepark_imgtext padingmodle moveupd  undefined\" style=\"padding-bottom:20px;padding-top:20px;\"><div class=\"themepark_imgtext_img\" style=\"width:29%;\" data-swiper-parallax=\"-1800\"><a href=\"https:\/\/www.backbonemachinery.com\/es\/categoria-producto\/flour-mill\/\" target=\"_self\" rel=\"noopener\"><img class=\"lazyload  swiper-lazy swiper-move-lazy\" data-src=\"https:\/\/www.backbonemachinery.com\/wp-content\/uploads\/2023\/05\/c.jpg\" alt=\"\"\/><\/a><\/div><div class=\"themepark_imgtext_text\" style=\"width:68%;padding-right:95px;\" data-swiper-parallax=\"-1600\"><div class=\"wp-block-column\"><p class=\"has-large-font-size\">Soluci\u00f3n a la molienda de especias<\/p>\n\n<div class=\"wp-block-themepark-block-themepark-wright content-super-p\" style=\"font-size:16px;line-height:33px;padding:10px 0px;\"><div class=\"wp-block-column\"><p class=\"has-monte-grey-color has-text-color\">Antes:Uso de piedras de mano y morteros para moler granos y otros materiales.<\/p>\n\n<p>Desventajas\uff1a<\/p>\n\n<p>1.Se obtiene una harina gruesa con una cantidad significativa de salvado y germen.<br>2. Lleva mucho tiempo, es ineficaz y produce una harina menos estable.<br>3.Las piedras utilizadas para moler necesitan un mantenimiento frecuente y pueden introducir impurezas en la harina si no se limpian adecuadamente.<\/p>\n\n<p>Ahora:Utilizaci\u00f3n de pulverizador\/molino de discos\/molino triturador<\/p>\n\n<p>Ventajas:<\/p>\n\n<p>1.Capaz de procesar grandes cantidades de materias primas en poco tiempo, mejorando la eficiencia de la producci\u00f3n.<br>2.Capaz de controlar con precisi\u00f3n par\u00e1metros como la temperatura, la humedad y el tama\u00f1o de las part\u00edculas durante el procesamiento, mejorando la calidad y la estabilidad del producto.<br>3.Capaz de adaptarse a diversos requisitos de procesamiento, y puede ajustarse y optimizarse seg\u00fan los tipos de producto y las t\u00e9cnicas de procesamiento para satisfacer la diversidad de la demanda del mercado.<\/p><\/div><\/div>\n\n<div class=\"wp-block-buttons\"><div class=\"wp-block-button has-custom-font-size is-style-outline has-normal-font-size is-style-outline--3\"><a class=\"wp-block-button__link has-themecolor-1-color has-text-color wp-element-button\" href=\"https:\/\/www.backbonemachinery.com\/es\/producto\/flour-mill-fc1\/\" style=\"border-radius:24px\">M\u00e1s informaci\u00f3n &gt;<\/a><\/div><\/div><\/div><\/div><div class=\"themepark_imgtext_ba\" style=\"background-color:#ffffff;opacity:1;\"><\/div><\/section>\n\n<section class=\"wp-block-themepark-block-themepark-imgtext thempark-block themepark_imgtext padingmodle leftright moveupd  undefined\" style=\"padding-bottom:20px;padding-top:20px;\"><div class=\"themepark_imgtext_img\" style=\"width:29%;\" data-swiper-parallax=\"-1800\"><a href=\"https:\/\/www.backbonemachinery.com\/es\/categoria-producto\/chaff-cutter\/\" target=\"_self\" rel=\"noopener\"><img class=\"lazyload  swiper-lazy swiper-move-lazy\" data-src=\"https:\/\/www.backbonemachinery.com\/wp-content\/uploads\/2023\/04\/e.jpg\" alt=\"\"\/><\/a><\/div><div class=\"themepark_imgtext_text\" style=\"width:68%;padding-right:95px;\" data-swiper-parallax=\"-1600\"><div class=\"wp-block-column\"><p class=\"has-large-font-size\">Soluci\u00f3n para ensilar<\/p>\n\n<div class=\"wp-block-themepark-block-themepark-wright content-super-p\" style=\"font-size:16px;line-height:33px;padding:10px 0px;\"><div class=\"wp-block-column\"><p class=\"has-monte-grey-color has-text-color\">Antes:Uso de herramientas manuales como hoces y sierras para cortar la hierba<\/p>\n\n<p>Desventajas\uff1a<\/p>\n\n<p>1.Ineficiente y f\u00edsicamente exigente.<br>2.Requer\u00eda mucha mano de obra e insumos f\u00edsicos, y no se pod\u00eda garantizar la calidad y la eficacia del corte de hierba, lo que no puede satisfacer las necesidades de la producci\u00f3n agr\u00edcola moderna.<\/p>\n\n<p>Ahora:Uso de la cortadora de paja\/cortadora de heno<\/p>\n\n<p>Ventajas:<\/p>\n\n<p>1.Alta eficiencia, reducci\u00f3n de la intensidad de trabajo, reducci\u00f3n de costes, mejora de la calidad del trabajo.<br>2.Puede cortar con rapidez y precisi\u00f3n la paja de los cultivos en peque\u00f1as part\u00edculas, adecuadas para diversos fines, como el procesamiento de piensos y la producci\u00f3n de compost, mejorando en gran medida la eficiencia de la producci\u00f3n agr\u00edcola y los beneficios econ\u00f3micos.<\/p><\/div><\/div>\n\n<div class=\"wp-block-buttons\"><div class=\"wp-block-button has-custom-font-size is-style-outline has-normal-font-size is-style-outline--4\"><a class=\"wp-block-button__link has-themecolor-1-color has-text-color wp-element-button\" href=\"https:\/\/www.backbonemachinery.com\/es\/producto\/chaff-cutter-z1-5\/\" style=\"border-radius:24px\">M\u00e1s informaci\u00f3n &gt;<\/a><\/div><\/div><\/div><\/div><div class=\"themepark_imgtext_ba\" style=\"background-color:#ffffff;opacity:1;\"><\/div><\/section>\n\n<section class=\"wp-block-themepark-block-themepark-imgtext thempark-block themepark_imgtext padingmodle moveupd  undefined\" style=\"padding-bottom:20px;padding-top:20px;\"><div class=\"themepark_imgtext_img\" style=\"width:29%;\" data-swiper-parallax=\"-1800\"><a href=\"https:\/\/www.backbonemachinery.com\/es\/producto\/coffee-pulper-bb-cp600\/\" target=\"_self\" rel=\"noopener\"><img class=\"lazyload  swiper-lazy swiper-move-lazy\" data-src=\"https:\/\/www.backbonemachinery.com\/wp-content\/uploads\/2023\/06\/b.jpg\" alt=\"\"\/><\/a><\/div><div class=\"themepark_imgtext_text\" style=\"width:68%;padding-right:95px;\" data-swiper-parallax=\"-1600\"><div class=\"wp-block-column\"><p class=\"has-large-font-size\">Soluci\u00f3n al despulpado y descascarillado de las cerezas de caf\u00e9<\/p>\n\n<div class=\"wp-block-themepark-block-themepark-wright content-super-p\" style=\"font-size:16px;line-height:33px;padding:10px 0px;\"><div class=\"wp-block-column\"><p class=\"has-monte-grey-color has-text-color\">Antes:Por exfoliaci\u00f3n manual o frotando con piedras.<\/p>\n\n<p>Desventajas\uff1a<\/p>\n\n<p>1.Alta intensidad de mano de obra, baja eficiencia, dificultad para garantizar la calidad y vulnerabilidad a factores estacionales y clim\u00e1ticos.<br>2.El pelado manual podr\u00eda da\u00f1ar f\u00e1cilmente los granos de caf\u00e9 y contaminarlos con materias extra\u00f1as, lo que afectar\u00eda a la calidad y el sabor del caf\u00e9.<\/p>\n\n<p>Ahora:Uso de la despulpadora de caf\u00e9<\/p>\n\n<p>Ventajas:<\/p>\n\n<p>1.En comparaci\u00f3n con el pelado a mano tradicional, una peladora de caf\u00e9 fresco puede completar el proceso de pelado de forma m\u00e1s r\u00e1pida y precisa, mejorando la eficiencia de la producci\u00f3n.<br>2.La m\u00e1quina peladora puede controlar con precisi\u00f3n el grosor de pelado, garantizando la calidad y el sabor de los granos de caf\u00e9.<br>3.La m\u00e1quina peladora puede reducir el consumo de energ\u00eda y agua, evitando el impacto de los m\u00e9todos de procesamiento tradicionales en el medio ambiente.<br>4.La m\u00e1quina peladora puede ajustarse y optimizarse seg\u00fan las diferentes variedades de caf\u00e9 y los requisitos de procesamiento, adapt\u00e1ndose a la diversidad de la demanda del mercado.<\/p><\/div><\/div>\n\n<div class=\"wp-block-buttons\"><div class=\"wp-block-button has-custom-font-size is-style-outline has-normal-font-size is-style-outline--5\"><a class=\"wp-block-button__link has-themecolor-1-color has-text-color wp-element-button\" href=\"https:\/\/lstq.en.alibaba.com\/productgrouplist-931171487\/Others.html?spm=a2700.shop_plgr.88.27\" style=\"border-radius:24px\">M\u00e1s informaci\u00f3n &gt;<\/a><\/div><\/div><\/div><\/div><div class=\"themepark_imgtext_ba\" style=\"background-color:#ffffff;opacity:1;\"><\/div><\/section>\n\n<section class=\"wp-block-themepark-block-themepark-imgtext thempark-block themepark_imgtext padingmodle leftright moveupd  undefined\" style=\"padding-bottom:20px;padding-top:20px;\"><div class=\"themepark_imgtext_img\" style=\"width:29%;\" data-swiper-parallax=\"-1800\"><a href=\"https:\/\/www.backbonemachinery.com\/es\/categoria-producto\/feed-pelleting-machine\/\" target=\"_self\" rel=\"noopener\"><img class=\"lazyload  swiper-lazy swiper-move-lazy\" data-src=\"https:\/\/www.backbonemachinery.com\/wp-content\/uploads\/2023\/05\/f.jpg\" alt=\"\"\/><\/a><\/div><div class=\"themepark_imgtext_text\" style=\"width:68%;padding-right:95px;\" data-swiper-parallax=\"-1600\"><div class=\"wp-block-column\"><p class=\"has-large-font-size\">Soluci\u00f3n para la fabricaci\u00f3n de pellets de pienso<\/p>\n\n<div class=\"wp-block-themepark-block-themepark-wright content-super-p\" style=\"font-size:16px;line-height:33px;padding:10px 0px;\"><div class=\"wp-block-column\"><p class=\"has-monte-grey-color has-text-color\"> Antes:Moler o triturar manualmente el pienso con un molino de piedra y, a continuaci\u00f3n, darle forma de pellets manualmente.<\/p>\n\n<p>Desventajas\uff1a<\/p>\n\n<p>1.Moler o triturar manualmente el pienso con un molino de piedra y, a continuaci\u00f3n, darle forma de pellets manualmente.<br>1.Baja eficiencia de producci\u00f3n, alta intensidad de mano de obra, baja precisi\u00f3n y f\u00e1cil desperdicio y contaminaci\u00f3n.<br>2.El tama\u00f1o de los pellets hechos a mano es desigual, lo que afecta a la uniformidad y al valor nutritivo del pienso, afectando as\u00ed al crecimiento y la salud de los animales.<\/p>\n\n<p>Ahora:Uso de la granuladora de piensos<\/p>\n\n<p>Ventajas:<\/p>\n\n<p>1.La velocidad de granulaci\u00f3n es r\u00e1pida, lo que puede mejorar en gran medida la eficiencia de la producci\u00f3n.<br>2.La granuladora puede ajustar el tama\u00f1o y la granulometr\u00eda de salida en funci\u00f3n de las necesidades de alimentaci\u00f3n de los distintos animales.<\/p>\n\n<p>3.Reduce el consumo de mano de obra y energ\u00eda, y mejora la utilizaci\u00f3n y el valor nutritivo de los piensos.<br>4.El proceso de granulaci\u00f3n puede garantizar la uniformidad y el valor nutritivo de los piensos, evitando los errores que pueden producirse en la producci\u00f3n manual.<br>5.Reduce la contaminaci\u00f3n y los residuos, haciendo que la producci\u00f3n de piensos sea m\u00e1s respetuosa con el medio ambiente y saludable.<\/p><\/div><\/div>\n\n<div class=\"wp-block-buttons\"><div class=\"wp-block-button has-custom-font-size is-style-outline has-normal-font-size is-style-outline--6\"><a class=\"wp-block-button__link has-themecolor-1-color has-text-color wp-element-button\" href=\"https:\/\/www.backbonemachinery.com\/es\/producto\/feed-pelleting-machine\/\" style=\"border-radius:24px\">M\u00e1s informaci\u00f3n &gt;<\/a><\/div><\/div><\/div>\n\n<div class=\"wp-block-column\"><\/div><\/div><div class=\"themepark_imgtext_ba\" style=\"background-color:#ffffff;opacity:1;\"><\/div><\/section><\/div><\/div><\/div><\/div><div class=\"layout_badh\"><\/div><\/section>","protected":false},"excerpt":{"rendered":"","protected":false},"author":1,"featured_media":0,"parent":0,"menu_order":0,"comment_status":"closed","ping_status":"closed","template":"","meta":{"themepark_post_bcolor":"#f5f5f5","themepark_post_width":"100%","themepark_post_img":"","themepark_post_img_po":"left","themepark_post_img_re":false,"themepark_post_img_cover":false,"themepark_post_img_fixed":false,"themepark_post_hide_title":true,"themepark_post_main_b":"","themepark_post_main_p":100,"themepark_paddingblock":true,"footnotes":""},"class_list":["post-401","page","type-page","status-publish","hentry"],"_links":{"self":[{"href":"https:\/\/www.backbonemachinery.com\/es\/wp-json\/wp\/v2\/pages\/401","targetHints":{"allow":["GET"]}}],"collection":[{"href":"https:\/\/www.backbonemachinery.com\/es\/wp-json\/wp\/v2\/pages"}],"about":[{"href":"https:\/\/www.backbonemachinery.com\/es\/wp-json\/wp\/v2\/types\/page"}],"author":[{"embeddable":true,"href":"https:\/\/www.backbonemachinery.com\/es\/wp-json\/wp\/v2\/users\/1"}],"replies":[{"embeddable":true,"href":"https:\/\/www.backbonemachinery.com\/es\/wp-json\/wp\/v2\/comments?post=401"}],"version-history":[{"count":0,"href":"https:\/\/www.backbonemachinery.com\/es\/wp-json\/wp\/v2\/pages\/401\/revisions"}],"wp:attachment":[{"href":"https:\/\/www.backbonemachinery.com\/es\/wp-json\/wp\/v2\/media?parent=401"}],"curies":[{"name":"wp","href":"https:\/\/api.w.org\/{rel}","templated":true}]}}