{"id":366,"date":"2023-02-10T15:02:51","date_gmt":"2023-02-10T07:02:51","guid":{"rendered":"http:\/\/themetest6.local\/?page_id=366"},"modified":"2023-09-09T10:31:59","modified_gmt":"2023-09-09T02:31:59","slug":"about-us","status":"publish","type":"page","link":"https:\/\/www.backbonemachinery.com\/es\/about-us","title":{"rendered":"\u5173\u4e8e\u6211\u4eec"},"content":{"rendered":"<section class=\"wp-block-themepark-block-themepark-area block_layout thempark-block undefined\" id=\"\" style=\"padding-top:237px;height:600px;box-sizing: border-box;width: 100%;\" data-swiper-parallax=\"-700\"><div class=\"block_layout_in\" style=\"\"><div class=\"wp-block-column block_layout_in\"><h1 class=\"wp-block-heading has-monte-white-color has-text-color has-large-font-size\"><\/h1>\n\n<p class=\"has-monte-white-color has-text-color\"><\/p><\/div><\/div><div class=\"layout_badh\"><div class=\"shizhezhao\" style=\"opacity:0.25;background-color:#000000;\"><\/div><div class=\"PcOnly themepark-block_layout_ba lazyload swiper-lazy\" style=\"background-repeat:no-repeat;background-size:cover;background-position:center;\" data-background=\"https:\/\/www.backbonemachinery.com\/wp-content\/uploads\/2023\/09\/\u516c\u53f8\u5927\u95e8-1.jpg\"><\/div><\/div><\/section><section class=\"wp-block-themepark-block-themepark-area block_layout thempark-block undefined\" id=\"\" style=\"padding-bottom:23px;padding-top:23px;\" data-swiper-parallax=\"-700\"><div class=\"block_layout_in\" style=\"\"><div class=\"wp-block-column block_layout_in\"><div class=\"wp-block-themepark-block-themepark-tab thempark-block thempark_tab_box dengbi undefined\" style=\"margin-bottom:20px;\" bloop=\"no\" auto=\"no\" mouse=\"click\"><div class=\"content_tab_title\" style=\"background-color:#eaeaea;\"><div class=\"fidxtab\" style=\"background-color:#eaeaea;\"><div class=\"btn active\" style=\"width:48%;\"><span class=\"tabtt\" style=\"\"><i class=\"fas fa fa-\" style=\"\"><\/i>Presentaci\u00f3n de la empresa<\/span><\/div><div class=\"btn\" style=\"width:48%;\"><span class=\"tabtt\" style=\"\"><i class=\"fas fa fa-\" style=\"\"><\/i>Cultura de empresa<\/span><\/div><\/div><\/div><div class=\"swiper-container content_tab_swiper\" style=\"\"><div class=\"swiper-wrapper\"><div class=\"wp-block-column ecdorbox0 swiper-slide tap_s-box active\"><div class=\"wp-block-themepark-block-themepark-wright content-super-p\" style=\"font-size:16px;line-height:30px;color:#666666;background-color:#ffffff;padding:30px 10px;\"><div class=\"wp-block-column\"><h2 class=\"wp-block-heading has-black-color has-text-color has-medium-font-size\"> Backbone Machinery Manufacture Co.,Ltd<\/h2>\n\n<p class=\"has-themecolor-1-color has-text-color\"><strong>Innovaci\u00f3n\/Modernizaci\u00f3n\/Expansi\u00f3n mundial<\/strong><\/p>\n\n<p>Nuestra empresa es uno de los principales fabricantes y proveedores de mini-m\u00e1quina moledora de arroz, m\u00e1quina moledora de harina, trilladora de arroz y ma\u00edz, m\u00e1quina peletizadora de alimentos, m\u00e1quina despulpadora de caf\u00e9, cortadora de tamo y otros equipos relacionados. Con m\u00e1s de una d\u00e9cada de experiencia en la industria, hemos construido una reputaci\u00f3n para la entrega de productos de alta calidad a los clientes en todo el mundo. Nuestros molinos de arroz est\u00e1n dise\u00f1ados para proporcionar un procesamiento de arroz eficiente y fiable, mientras que nuestras m\u00e1quinas de molino de harina son ideales para la trituraci\u00f3n de una variedad de granos y especias. Nuestras cortadoras de paja son perfectas para agricultores que buscan cortar y picar hierba de forma eficiente para su ganado, etc. Estamos orgullosos de nuestra capacidad para ofrecer soluciones innovadoras y modernas a las necesidades de nuestros clientes. Nuestro equipo de expertos se dedica a ofrecer un servicio y una atenci\u00f3n al cliente excepcionales, desde la consulta inicial hasta el servicio posventa. Gracias a nuestro compromiso con la calidad y la innovaci\u00f3n, hemos establecido una presencia global y hemos exportado nuestros productos a m\u00e1s de 50 pa\u00edses. Nuestra experiencia en exportaci\u00f3n y comercio internacional nos permite sortear diversas normativas y requisitos aduaneros, garantizando a nuestros clientes un proceso de entrega sin contratiempos. Si busca maquinaria agr\u00edcola de alta calidad, le invitamos a explorar nuestra gama de productos y servicios. Nuestro equipo est\u00e1 dispuesto a trabajar con usted para encontrar la soluci\u00f3n perfecta que satisfaga sus necesidades.<\/p><\/div><\/div>\n\n<div class=\"wp-block-themepark-block-themepark-swiper post_gallery_out2 undefined\" style=\"\"><div class=\"swiper-container post_gallery_nomral\"><div class=\"swiper-wrapper\"><div class=\"swiper-slide\" style=\"\"><div class=\"swiperimg-ds\"><span>Innovaci\u00f3n para el desarrollo<\/span><div class=\"swiperimg-ds-b\"><\/div><\/div><img decoding=\"async\" class=\"swiper-lazy swiper-move-lazy\" src=\"http:\/\/www.backbonemachinery.com\/wp-content\/uploads\/2023\/02\/sl2.jpg\" data-src=\"http:\/\/www.backbonemachinery.com\/wp-content\/uploads\/2023\/02\/sl2.jpg\" alt=\"\u5173\u4e8e\u6211\u4eec\"\/><\/div><div class=\"swiper-slide\" style=\"\"><div class=\"swiperimg-ds\"><span>Tecnolog\u00eda de producci\u00f3n moderna<\/span><div class=\"swiperimg-ds-b\"><\/div><\/div><img decoding=\"async\" class=\"swiper-lazy swiper-move-lazy\" src=\"https:\/\/www.backbonemachinery.com\/wp-content\/themes\/smartenterprise-shop\/images\/loading8.png\" data-src=\"https:\/\/www.backbonemachinery.com\/wp-content\/uploads\/2023\/04\/1-6.jpg\" alt=\"Innovation for development\u5173\u4e8e\u6211\u4eec\"\/><\/div><div class=\"swiper-slide\" style=\"\"><div class=\"swiperimg-ds\"><span>Expansi\u00f3n mundial<\/span><div class=\"swiperimg-ds-b\"><\/div><\/div><img decoding=\"async\" class=\"swiper-lazy swiper-move-lazy\" src=\"https:\/\/www.backbonemachinery.com\/wp-content\/themes\/smartenterprise-shop\/images\/loading8.png\" data-src=\"https:\/\/www.backbonemachinery.com\/wp-content\/uploads\/2023\/04\/3-7.jpg\" alt=\"Modern production technology\u5173\u4e8e\u6211\u4eec\"\/><\/div><\/div><a class=\"swiper-next\"><i class=\"fas fa-angle-right\"><\/i><\/a><a class=\"swiper-prev\"><i class=\"fas fa-angle-left\"><\/i><\/a><div class=\"pagination post_gallery_nomral_pagination\"><\/div><\/div><\/div>\n\n<section class=\"wp-block-themepark-block-themepark-area block_layout thempark-block undefined bom30 top30\" id=\"\" style=\"background-color:#ffffff;padding-bottom:70px;padding-top:21px;\" data-swiper-parallax=\"-700\"><div class=\"block_layout_in\" style=\"max-width:1341px;\"><div class=\"wp-block-column block_layout_in\"><h2 class=\"wp-block-heading has-medium-font-size\"><strong>DESARROLLO <\/strong><\/h2>\n\n<p class=\"has-themecolor-1-color has-text-color has-normal-font-size\"><\/p>\n\n<div style=\"height:64px\" aria-hidden=\"true\" class=\"wp-block-spacer\"><\/div>\n\n<section class=\"wp-block-themepark-block-themepark-history themepark-history-shuxiang\"><div class=\"themepark-history_up\" style=\"border-right: 2px solid#2ba8db;\"><div class=\"history_box\"><div class=\"imgbox\"><img decoding=\"async\" class=\"show\" src=\"https:\/\/www.backbonemachinery.com\/wp-content\/uploads\/2023\/05\/1.jpg\"\/><\/div><b class=\"hi_title\" style=\"font-size:24px;color:#000000;\">Encontrado<\/b><div class=\"hi_text\" style=\"font-size:14px;color:#666666;\"><div class=\"ov\" style=\"height:100px;\"><span>En 2020\uff0cNuestra empresa se estableci\u00f3 y comenz\u00f3 a vender equipos de maquinaria agr\u00edcola.Con un enfoque en la innovaci\u00f3n tecnol\u00f3gica y la calidad superior del producto, la empresa tiene como objetivo ayudar a los agricultores a mejorar su productividad y rentabilidad. El equipo est\u00e1 formado por expertos en el campo de la agricultura y la maquinaria que se dedican a proporcionar un excelente servicio y soporte al cliente. Como empresa, creemos en la creaci\u00f3n de relaciones a largo plazo con nuestros clientes, proporcion\u00e1ndoles productos y servicios que satisfagan sus necesidades y superen sus expectativas. Estamos encantados de formar parte de la industria agr\u00edcola y esperamos ayudar a los agricultores a alcanzar el \u00e9xito a trav\u00e9s de nuestros productos y servicios innovadores.<\/span><\/div><div class=\"his_xian\" style=\"background:#2ba8db;\"><\/div><div class=\"his_quan\" style=\"background:#2ba8db;\"><div class=\"his_quan_in\" style=\"border: 1px solid #2ba8db;\"><\/div><\/div><\/div><\/div><div class=\"history_box\"><div class=\"imgbox\"><img decoding=\"async\" class=\"show\" src=\"https:\/\/www.backbonemachinery.com\/wp-content\/uploads\/2023\/05\/2.jpg\"\/><\/div><b class=\"hi_title\" style=\"font-size:24px;color:#000000;\">Actividad principal<\/b><div class=\"hi_text\" style=\"font-size:14px;color:#666666;\"><div class=\"ov\" style=\"height:100px;\"><span>La actividad principal de nuestra empresa es el dise\u00f1o, la fabricaci\u00f3n y la venta de una amplia gama de maquinaria y equipos agr\u00edcolas, entre los que se incluyen la mini m\u00e1quina moledora de arroz, la m\u00e1quina moledora de harina, la trilladora de arroz y ma\u00edz, la m\u00e1quina peletizadora de piensos, la m\u00e1quina despulpadora de caf\u00e9 y la cortadora de tamo. La empresa tambi\u00e9n ofrece servicio posventa, suministro de piezas de repuesto y asistencia t\u00e9cnica para garantizar la satisfacci\u00f3n del cliente y maximizar el rendimiento de los equipos. Mediante la innovaci\u00f3n continua y la inversi\u00f3n en investigaci\u00f3n y desarrollo, la empresa se esfuerza por ofrecer la tecnolog\u00eda y las soluciones m\u00e1s avanzadas para ayudar a los agricultores a aumentar la productividad y la eficiencia, reducir los costes y contribuir a una agricultura sostenible.<\/span><\/div><div class=\"his_xian\" style=\"background:#2ba8db;\"><\/div><div class=\"his_quan\" style=\"background:#2ba8db;\"><div class=\"his_quan_in\" style=\"border: 1px solid #2ba8db;\"><\/div><\/div><\/div><\/div><div class=\"history_box\"><div class=\"imgbox\"><img decoding=\"async\" class=\"show\" src=\"https:\/\/www.backbonemachinery.com\/wp-content\/uploads\/2023\/05\/3.jpg\"\/><\/div><b class=\"hi_title\" style=\"font-size:24px;color:#000000;\">Ventaja<\/b><div class=\"hi_text\" style=\"font-size:14px;color:#666666;\"><div class=\"ov\" style=\"height:100px;\"><span>Nuestra empresa cuenta con varias ventajas, como su enfoque en la innovaci\u00f3n tecnol\u00f3gica, un equipo de alta calidad, productos de primera calidad y un excelente servicio de atenci\u00f3n al cliente. La empresa pone un \u00e9nfasis significativo en la investigaci\u00f3n y el desarrollo, esforz\u00e1ndose constantemente por innovar y mejorar su tecnolog\u00eda para ofrecer productos superiores a sus clientes. Adem\u00e1s, la empresa valora a los miembros de su equipo y fomenta la colaboraci\u00f3n y la cooperaci\u00f3n para promover un equipo de alto rendimiento. La calidad de los productos de la empresa es tambi\u00e9n una ventaja competitiva crucial, ya que mantiene un riguroso proceso de control de calidad para garantizar que sus productos cumplen las normas m\u00e1s exigentes del sector. Por \u00faltimo, la empresa hace especial hincapi\u00e9 en el servicio al cliente, adoptando un enfoque centrado en el cliente en todas las interacciones y con el objetivo de satisfacer y superar sus expectativas.<\/span><\/div><div class=\"his_xian\" style=\"background:#2ba8db;\"><\/div><div class=\"his_quan\" style=\"background:#2ba8db;\"><div class=\"his_quan_in\" style=\"border: 1px solid #2ba8db;\"><\/div><\/div><\/div><\/div><div class=\"history_box\"><div class=\"imgbox\"><img decoding=\"async\" class=\"show\" src=\"https:\/\/www.backbonemachinery.com\/wp-content\/uploads\/2023\/05\/4.jpg\"\/><\/div><b class=\"hi_title\" style=\"font-size:24px;color:#000000;\">Fondo<\/b><div class=\"hi_text\" style=\"font-size:14px;color:#666666;\"><div class=\"ov\" style=\"height:100px;\"><span> Con el fin de satisfacer la creciente demanda de maquinaria agr\u00edcola en todo el mundo, especialmente en el \u00e1mbito del comercio internacional, la empresa tiene como objetivo proporcionar productos de maquinaria agr\u00edcola de alta calidad y excelentes servicios. <\/span><span><\/span><\/div><div class=\"his_xian\" style=\"background:#2ba8db;\"><\/div><div class=\"his_quan\" style=\"background:#2ba8db;\"><div class=\"his_quan_in\" style=\"border: 1px solid #2ba8db;\"><\/div><\/div><\/div><\/div><div class=\"history_box\"><div class=\"imgbox\"><img decoding=\"async\" class=\"show\" src=\"https:\/\/www.backbonemachinery.com\/wp-content\/uploads\/2023\/05\/6.jpg\"\/><\/div><b class=\"hi_title\" style=\"font-size:24px;color:#000000;\">Prop\u00f3sito<\/b><div class=\"hi_text\" style=\"font-size:14px;color:#666666;\"><div class=\"ov\" style=\"height:100px;\"><span>Proporcionar a los clientes productos y servicios de la mejor calidad para satisfacer sus necesidades y expectativas, y crear m\u00e1s valor y riqueza para los clientes. <\/span><\/div><div class=\"his_xian\" style=\"background:#2ba8db;\"><\/div><div class=\"his_quan\" style=\"background:#2ba8db;\"><div class=\"his_quan_in\" style=\"border: 1px solid #2ba8db;\"><\/div><\/div><\/div><\/div><div class=\"history_box\"><div class=\"imgbox\"><img decoding=\"async\" class=\"show\" src=\"https:\/\/www.backbonemachinery.com\/wp-content\/uploads\/2023\/05\/5.jpg\"\/><\/div><b class=\"hi_title\" style=\"font-size:24px;color:#000000;\">Misi\u00f3n<\/b><div class=\"hi_text\" style=\"font-size:14px;color:#666666;\"><div class=\"ov\" style=\"height:100px;\"><span>Proporcionar a los clientes productos y servicios de la m\u00e1xima calidad que satisfagan sus necesidades y expectativas, creando al mismo tiempo valor y riqueza para ellos. La empresa se compromete a promover el desarrollo sostenible de la industria mundial de maquinaria agr\u00edcola a trav\u00e9s de la innovaci\u00f3n, la cooperaci\u00f3n y el intercambio. La empresa se esfuerza por convertirse en una empresa l\u00edder mundial en el comercio de maquinaria agr\u00edcola y contribuir al desarrollo sostenible de la industria. <\/span><\/div><div class=\"his_xian\" style=\"background:#2ba8db;\"><\/div><div class=\"his_quan\" style=\"background:#2ba8db;\"><div class=\"his_quan_in\" style=\"border: 1px solid #2ba8db;\"><\/div><\/div><\/div><\/div><div class=\"history_box\"><div class=\"imgbox\"><img decoding=\"async\" class=\"show\" src=\"https:\/\/www.backbonemachinery.com\/wp-content\/uploads\/2023\/05\/7.jpg\"\/><\/div><b class=\"hi_title\" style=\"font-size:24px;color:#000000;\">Visi\u00f3n<\/b><div class=\"hi_text\" style=\"font-size:14px;color:#666666;\"><div class=\"ov\" style=\"height:100px;\"><span>Convertirse en una empresa l\u00edder en el comercio mundial de maquinaria agr\u00edcola, alcanzar una posici\u00f3n de liderazgo en el mercado mundial de maquinaria agr\u00edcola y contribuir al desarrollo sostenible de la industria mundial de maquinaria agr\u00edcola. Al mismo tiempo, la empresa promueve activamente la innovaci\u00f3n tecnol\u00f3gica, mejora continuamente la calidad y el rendimiento de sus productos para satisfacer las necesidades y requisitos de los clientes, y contribuye al desarrollo sostenible de la industria de la maquinaria agr\u00edcola. <\/span><\/div><div class=\"his_xian\" style=\"background:#2ba8db;\"><\/div><div class=\"his_quan\" style=\"background:#2ba8db;\"><div class=\"his_quan_in\" style=\"border: 1px solid #2ba8db;\"><\/div><\/div><\/div><\/div><div class=\"wp_clear\"><\/div><\/div><div class=\"wp_clear\"><\/div><\/section><\/div><\/div><div class=\"layout_badh\"><\/div><\/section><\/div>\n\n<div class=\"wp-block-column ecdorbox1 swiper-slide tap_s-box\"><section class=\"wp-block-themepark-block-themepark-imgtext thempark-block themepark_imgtext padingmodle moveupd  undefined\" style=\"padding-top:19px;\"><div class=\"themepark_imgtext_img\" style=\"width:51%;\" data-swiper-parallax=\"-1800\"><img class=\"lazyload  swiper-lazy swiper-move-lazy\" data-src=\"https:\/\/www.backbonemachinery.com\/wp-content\/uploads\/2023\/05\/a.jpg\" alt=\"\"\/><\/div><div class=\"themepark_imgtext_text\" style=\"width:46%;\" data-swiper-parallax=\"-1600\"><div class=\"wp-block-column\"><div class=\"wp-block-themepark-block-themepark-wright content-super-p\" style=\"font-size:16px;line-height:37px;padding:10px 10px;\"><div class=\"wp-block-column\"><h2 class=\"wp-block-heading has-medium-font-size\">Trabajo en equipo<\/h2>\n\n<p class=\"has-themecolor-1-color has-text-color has-normal-font-size\" style=\"text-transform:uppercase\">valora el trabajo en equipo y fomenta el apoyo y el respeto mutuos entre los empleados.<\/p>\n\n<p><\/p>\n\n<p>Nuestra empresa anima a los empleados a participar activamente en actividades de equipo para cultivar su capacidad de trabajo en equipo. Hay varias oportunidades para el trabajo en equipo dentro de la empresa, como la organizaci\u00f3n de actividades al aire libre para fomentar el esp\u00edritu de equipo y animar a los empleados a trabajar juntos para mejorar la eficiencia del trabajo. La empresa cree que el trabajo en equipo es un medio importante para lograr los objetivos de la empresa y un factor clave para promover el desarrollo de los empleados y mejorar la competitividad general.<\/p><\/div><\/div><\/div><\/div><div class=\"themepark_imgtext_ba\" style=\"background-color:#ffffff;opacity:1;\"><\/div><\/section>\n\n<section class=\"wp-block-themepark-block-themepark-imgtext thempark-block themepark_imgtext padingmodle leftright moveupd  undefined\" style=\"\"><div class=\"themepark_imgtext_img\" style=\"width:51%;\" data-swiper-parallax=\"-1800\"><img class=\"lazyload  swiper-lazy swiper-move-lazy\" data-src=\"https:\/\/www.backbonemachinery.com\/wp-content\/uploads\/2023\/05\/b.jpg\" alt=\"\"\/><\/div><div class=\"themepark_imgtext_text\" style=\"width:46%;\" data-swiper-parallax=\"-1600\"><div class=\"wp-block-column\"><div class=\"wp-block-themepark-block-themepark-wright content-super-p\" style=\"font-size:16px;line-height:37px;padding:10px 10px;\"><div class=\"wp-block-column\"><h2 class=\"wp-block-heading has-medium-font-size\">Orientaci\u00f3n al cliente<\/h2>\n\n<p class=\"has-themecolor-1-color has-text-color has-normal-font-size\" style=\"text-transform:uppercase\">situar al cliente en el centro<\/p>\n\n<p><\/p>\n\n<p>Nuestra empresa siempre ha puesto a los clientes en el centro, esforz\u00e1ndose por ofrecer productos y servicios de alta calidad para satisfacer sus necesidades y expectativas. La empresa siempre se ha adherido a un enfoque orientado al cliente, ha establecido un s\u00f3lido sistema de atenci\u00f3n al cliente y se ha centrado en escuchar las necesidades y opiniones de los clientes, mejorando constantemente la calidad de sus productos y servicios bas\u00e1ndose en las opiniones y demandas de los clientes. La empresa tambi\u00e9n realiza encuestas peri\u00f3dicas a los clientes para conocer sus necesidades y las tendencias del mercado, y ofrecerles mejores productos y servicios. La cultura de orientaci\u00f3n al cliente de la empresa tambi\u00e9n se refleja en el comportamiento de los empleados, que siempre se centran en los clientes, asumen la responsabilidad de satisfacer sus necesidades y establecen relaciones duraderas con ellos.<\/p><\/div><\/div><\/div><\/div><div class=\"themepark_imgtext_ba\" style=\"background-color:#ffffff;opacity:1;\"><\/div><\/section>\n\n<section class=\"wp-block-themepark-block-themepark-icon thempark-block themepark_icon_list_out undefined\" id=\"nomo\" style=\"padding-bottom:20px;padding-top:20px;background:#ffffff;\"><div class=\"themepark_icon_list_in\"><div class=\"themepark_icon_lists iconl4 iconls2\" style=\"\"><a class=\"themepark_icon_box bhclas\"><div class=\"themepark_icon_box_i\"><div class=\"themepark_icon_box_i_out\"><i class=\"fas fa-flag-checkered\" style=\"color:#1c2081;font-size:21px;\"><\/i><\/div><b style=\"font-size:31px;color:#000000;\">20+<\/b><\/div><div class=\"themepark_icon_box_d\" style=\"font-size:14px;color:#666666;\"><span>proveedor acreditado y capaz<\/span><\/div><div class=\"themepark_icon_box_bac\" style=\"background:#ffffff;opacity:0.27;\"><\/div><\/a><a class=\"themepark_icon_box bhclas\"><div class=\"themepark_icon_box_i\"><div class=\"themepark_icon_box_i_out\"><i class=\"fas fa-rocket\" style=\"color:#1c2081;font-size:21px;\"><\/i><\/div><b style=\"font-size:31px;color:#000000;\">50+<\/b><\/div><div class=\"themepark_icon_box_d\" style=\"font-size:14px;color:#666666;\"><span>exportaci\u00f3n a m\u00e1s de 50 pa\u00edses<\/span><\/div><div class=\"themepark_icon_box_bac\" style=\"background:#ffffff;opacity:0.27;\"><\/div><\/a><a class=\"themepark_icon_box bhclas\"><div class=\"themepark_icon_box_i\"><div class=\"themepark_icon_box_i_out\"><i class=\"fas fa-store-alt\" style=\"color:#1c2081;font-size:21px;\"><\/i><\/div><b style=\"font-size:31px;color:#000000;\">500+<\/b><\/div><div class=\"themepark_icon_box_d\" style=\"font-size:14px;color:#666666;\"><span> m\u00e1s de 500 socios comerciales<\/span><\/div><div class=\"themepark_icon_box_bac\" style=\"background:#ffffff;opacity:0.27;\"><\/div><\/a><a class=\"themepark_icon_box bhclas\"><div class=\"themepark_icon_box_i\"><div class=\"themepark_icon_box_i_out\"><i class=\"fas fa-user-tie\" style=\"color:#1c2081;font-size:21px;\"><\/i><\/div><b style=\"font-size:31px;color:#000000;\">70000000+<\/b><\/div><div class=\"themepark_icon_box_d\" style=\"font-size:14px;color:#666666;\"><span> 70000000 los agricultores se benefician<\/span><\/div><div class=\"themepark_icon_box_bac\" style=\"background:#ffffff;opacity:0.27;\"><\/div><\/a><\/div><\/div><\/section>\n\n<p><\/p><\/div><\/div><\/div><div class=\"tabbottomb\"><\/div><\/div><\/div><\/div><div class=\"layout_badh\"><\/div><\/section>","protected":false},"excerpt":{"rendered":"","protected":false},"author":1,"featured_media":0,"parent":0,"menu_order":0,"comment_status":"closed","ping_status":"closed","template":"","meta":{"themepark_post_bcolor":"#f5f5f5","themepark_post_width":"100%","themepark_post_img":"","themepark_post_img_po":"left","themepark_post_img_re":false,"themepark_post_img_cover":false,"themepark_post_img_fixed":false,"themepark_post_hide_title":true,"themepark_post_main_b":"","themepark_post_main_p":100,"themepark_paddingblock":true,"footnotes":""},"class_list":["post-366","page","type-page","status-publish","hentry"],"_links":{"self":[{"href":"https:\/\/www.backbonemachinery.com\/es\/wp-json\/wp\/v2\/pages\/366","targetHints":{"allow":["GET"]}}],"collection":[{"href":"https:\/\/www.backbonemachinery.com\/es\/wp-json\/wp\/v2\/pages"}],"about":[{"href":"https:\/\/www.backbonemachinery.com\/es\/wp-json\/wp\/v2\/types\/page"}],"author":[{"embeddable":true,"href":"https:\/\/www.backbonemachinery.com\/es\/wp-json\/wp\/v2\/users\/1"}],"replies":[{"embeddable":true,"href":"https:\/\/www.backbonemachinery.com\/es\/wp-json\/wp\/v2\/comments?post=366"}],"version-history":[{"count":0,"href":"https:\/\/www.backbonemachinery.com\/es\/wp-json\/wp\/v2\/pages\/366\/revisions"}],"wp:attachment":[{"href":"https:\/\/www.backbonemachinery.com\/es\/wp-json\/wp\/v2\/media?parent=366"}],"curies":[{"name":"wp","href":"https:\/\/api.w.org\/{rel}","templated":true}]}}